{"id":24489,"date":"2024-04-12T09:13:09","date_gmt":"2024-04-12T09:13:09","guid":{"rendered":"https:\/\/phelps:8890\/confidentialite-et-politique\/"},"modified":"2026-01-07T16:07:25","modified_gmt":"2026-01-07T16:07:25","slug":"confidentialite-et-politique","status":"publish","type":"page","link":"https:\/\/phelpsgroup.ca\/fr\/confidentialite-et-politique\/","title":{"rendered":"Confidentialit\u00e9 et politique"},"content":{"rendered":"\t\t<div data-elementor-type=\"wp-page\" data-elementor-id=\"24489\" class=\"elementor elementor-24489 elementor-3\">\n\t\t\t\t        <section class=\"elementor-section elementor-top-section elementor-element elementor-element-68d5caca elementor-section-boxed elementor-section-height-default elementor-section-height-default pxl-row-scroll-none pxl-zoom-point-false pxl-section-overflow-visible\" data-id=\"68d5caca\" data-element_type=\"section\" data-e-type=\"section\">\n\n                \n                <div class=\"elementor-container elementor-column-gap-default \">\n                <div class=\"elementor-column elementor-col-100 elementor-top-column elementor-element elementor-element-6b57e2e1 pxl-column-none pxl-column-overflow-hidden-no pxl-column-line-no\" data-id=\"6b57e2e1\" data-element_type=\"column\" data-e-type=\"column\">\r\n        <div class=\"elementor-widget-wrap elementor-element-populated\">\r\n                     \r\n        \t\t<div class=\"elementor-element elementor-element-59701dca elementor-widget elementor-widget-text-editor\" data-id=\"59701dca\" data-element_type=\"widget\" data-e-type=\"widget\" data-widget_type=\"text-editor.default\">\n\t\t\t\t<div class=\"elementor-widget-container\">\n\t\t\t\t\t\t\t\t\t<div class=\"wp-block-group\"><p><\/p><div class=\"wp-block-group\"><p><b>Date d\u2019entr\u00e9e en vigueur :<\/b><span style=\"font-weight: 400;\"> 5 avril 2025<\/span><\/p><p>Phelps Canada Inc. (\u00ab nous \u00bb, \u00ab notre \u00bb ou \u00ab nos \u00bb) s\u2019engage \u00e0 prot\u00e9ger votre vie priv\u00e9e et \u00e0 sauvegarder les renseignements personnels recueillis par l\u2019interm\u00e9diaire de notre site Web, www.phelpsgroup.ca (le \u00ab Site \u00bb).<\/p><p>\u00a0<\/p><hr class=\"wp-block-separator has-alpha-channel-opacity\" \/><\/div><p><\/p><p>\u00a0<\/p><p><\/p><ol><li><b> Renseignements que nous recueillons<\/b><\/li><\/ol><p><span style=\"font-weight: 400;\">Nous pouvons recueillir des renseignements personnels tels que votre nom, adresse courriel, num\u00e9ro de t\u00e9l\u00e9phone ou autres d\u00e9tails lorsque vous :<\/span><\/p><ul><li style=\"font-weight: 400;\" aria-level=\"1\"><span style=\"font-weight: 400;\">Nous contactez via les formulaires de notre site Web<\/span><\/li><li style=\"font-weight: 400;\" aria-level=\"1\"><span style=\"font-weight: 400;\">Vous abonnez \u00e0 nos mises \u00e0 jour ou infolettres<\/span><\/li><li style=\"font-weight: 400;\" aria-level=\"1\"><span style=\"font-weight: 400;\">Soumettez un CV ou une candidature<\/span><\/li><\/ul><p><span style=\"font-weight: 400;\">Nous recueillons \u00e9galement des donn\u00e9es limit\u00e9es sur votre navigateur et votre utilisation afin d\u2019am\u00e9liorer votre exp\u00e9rience sur le Site.<\/span><\/p><ol start=\"2\"><li><b> Comment nous utilisons vos renseignements<\/b><\/li><\/ol><p><span style=\"font-weight: 400;\">Nous utilisons vos renseignements personnels pour :<\/span><\/p><ul><li style=\"font-weight: 400;\" aria-level=\"1\"><span style=\"font-weight: 400;\">R\u00e9pondre \u00e0 vos demandes ou requ\u00eates<\/span><\/li><li style=\"font-weight: 400;\" aria-level=\"1\"><span style=\"font-weight: 400;\">Partager des mises \u00e0 jour ou informations pertinentes (avec votre consentement)<\/span><\/li><li style=\"font-weight: 400;\" aria-level=\"1\"><span style=\"font-weight: 400;\">Soutenir nos services de recherche de cadres et de conseil en leadership<\/span><\/li><li style=\"font-weight: 400;\" aria-level=\"1\"><span style=\"font-weight: 400;\">Am\u00e9liorer la performance et le contenu de notre Site<\/span><\/li><\/ul><p><span style=\"font-weight: 400;\">Nous ne partageons, ne vendons ni ne louons vos donn\u00e9es personnelles \u00e0 des tiers.<\/span><\/p><ol start=\"3\"><li><b> S\u00e9curit\u00e9 et conservation des donn\u00e9es<\/b><\/li><\/ol><p><span style=\"font-weight: 400;\">Nous prenons des mesures raisonnables pour prot\u00e9ger vos donn\u00e9es personnelles gr\u00e2ce \u00e0 des protections administratives, techniques et physiques. Vos renseignements sont conserv\u00e9s uniquement pendant la dur\u00e9e n\u00e9cessaire pour atteindre les objectifs d\u00e9crits ci-dessus, sauf si des obligations l\u00e9gales exigent autrement.<\/span><\/p><ol start=\"4\"><li><b> T\u00e9moins (cookies)<\/b><\/li><\/ol><p><span style=\"font-weight: 400;\">Notre Site utilise des t\u00e9moins (cookies) pour am\u00e9liorer l\u2019exp\u00e9rience utilisateur et comprendre comment les visiteurs utilisent notre contenu. Vous pouvez modifier les param\u00e8tres de votre navigateur pour d\u00e9sactiver les t\u00e9moins \u00e0 tout moment; cependant, cela pourrait limiter certaines fonctionnalit\u00e9s du Site.<\/span><\/p><ol start=\"5\"><li><b> Vos choix<\/b><\/li><\/ol><p><span style=\"font-weight: 400;\">Vous pouvez retirer votre consentement, acc\u00e9der, corriger ou demander la suppression de vos renseignements personnels \u00e0 tout moment en nous contactant.<\/span><\/p><p><span style=\"font-weight: 400;\">Pour vous d\u00e9sabonner de nos courriels, cliquez sur le lien \u00ab se d\u00e9sabonner \u00bb dans nos messages ou \u00e9crivez-nous directement.<\/span><\/p><ol start=\"6\"><li><b> Liens vers des tiers<\/b><\/li><\/ol><p><span style=\"font-weight: 400;\">Notre Site peut contenir des liens vers d\u2019autres sites Web. Nous ne sommes pas responsables de leur contenu, de leurs politiques ou de leurs pratiques.<\/span><\/p><ol start=\"7\"><li><b> Nous contacter<\/b><\/li><\/ol><p><span style=\"font-weight: 400;\">Pour toute question, pr\u00e9occupation ou pour exercer vos droits en mati\u00e8re de vie priv\u00e9e, veuillez nous contacter :<\/span><\/p><p><span style=\"font-weight: 400;\">\ud83d\udce7<\/span> <b>info@phelpsgroup.ca<\/b><span style=\"font-weight: 400;\"><br \/><\/span><span style=\"font-weight: 400;\">\ud83d\udcde<\/span> <b>(416) 364-6229<\/b><span style=\"font-weight: 400;\"><br \/><\/span><span style=\"font-weight: 400;\">\ud83d\udccd<\/span><span style=\"font-weight: 400;\"> Phelps Canada Inc.<\/span><\/p><p><span style=\"font-weight: 400;\"><br \/><\/span><span style=\"font-weight: 400;\">302, rue Bay, bureau 1204, Toronto (Ontario) M5H 0B6<\/span><\/p><p><\/p><p>\u00a0<\/p><\/div>\t\t\t\t\t\t\t\t<\/div>\n\t\t\t\t<\/div>\n\t\t            <\/div>\r\n        <\/div>\r\n        \t\t\t<\/div>\n\t\t<\/section>\n\t\t\t\t<\/div>\n\t\t","protected":false},"excerpt":{"rendered":"<p>Date d\u2019entr\u00e9e en vigueur : 5 avril 2025 Phelps Canada Inc. (\u00ab nous \u00bb, \u00ab notre \u00bb ou \u00ab nos \u00bb) s\u2019engage \u00e0 prot\u00e9ger votre vie priv\u00e9e et \u00e0 sauvegarder les renseignements personnels recueillis par l\u2019interm\u00e9diaire de notre site Web, www.phelpsgroup.ca (le \u00ab Site \u00bb). \u00a0 \u00a0 Renseignements que nous recueillons Nous pouvons recueillir des [&hellip;]<\/p>\n","protected":false},"author":1,"featured_media":0,"parent":0,"menu_order":0,"comment_status":"closed","ping_status":"open","template":"","meta":{"footnotes":""},"class_list":["post-24489","page","type-page","status-publish","hentry"],"_links":{"self":[{"href":"https:\/\/phelpsgroup.ca\/fr\/wp-json\/wp\/v2\/pages\/24489","targetHints":{"allow":["GET"]}}],"collection":[{"href":"https:\/\/phelpsgroup.ca\/fr\/wp-json\/wp\/v2\/pages"}],"about":[{"href":"https:\/\/phelpsgroup.ca\/fr\/wp-json\/wp\/v2\/types\/page"}],"author":[{"embeddable":true,"href":"https:\/\/phelpsgroup.ca\/fr\/wp-json\/wp\/v2\/users\/1"}],"replies":[{"embeddable":true,"href":"https:\/\/phelpsgroup.ca\/fr\/wp-json\/wp\/v2\/comments?post=24489"}],"version-history":[{"count":6,"href":"https:\/\/phelpsgroup.ca\/fr\/wp-json\/wp\/v2\/pages\/24489\/revisions"}],"predecessor-version":[{"id":24495,"href":"https:\/\/phelpsgroup.ca\/fr\/wp-json\/wp\/v2\/pages\/24489\/revisions\/24495"}],"wp:attachment":[{"href":"https:\/\/phelpsgroup.ca\/fr\/wp-json\/wp\/v2\/media?parent=24489"}],"curies":[{"name":"wp","href":"https:\/\/api.w.org\/{rel}","templated":true}]}}