{"id":24513,"date":"2025-06-09T01:58:58","date_gmt":"2025-06-09T06:58:58","guid":{"rendered":"https:\/\/phelps:8890\/carrieres\/"},"modified":"2026-03-06T11:09:07","modified_gmt":"2026-03-06T16:09:07","slug":"offres-demploi","status":"publish","type":"page","link":"https:\/\/phelpsgroup.ca\/fr\/offres-demploi\/","title":{"rendered":"Offres d\u2019emploi"},"content":{"rendered":"\t\t<div data-elementor-type=\"wp-page\" data-elementor-id=\"24513\" class=\"elementor elementor-24513 elementor-21720\">\n\t\t\t\t        <section class=\"elementor-section elementor-top-section elementor-element elementor-element-2843e12 elementor-section-boxed elementor-section-height-default elementor-section-height-default pxl-row-scroll-none pxl-zoom-point-false pxl-section-overflow-visible\" data-id=\"2843e12\" data-element_type=\"section\" data-e-type=\"section\">\n\n                \n                <div class=\"elementor-container elementor-column-gap-default \">\n                <div class=\"elementor-column elementor-col-100 elementor-top-column elementor-element elementor-element-09cbc2a pxl-column-none pxl-column-overflow-hidden-no pxl-column-line-no\" data-id=\"09cbc2a\" data-element_type=\"column\" data-e-type=\"column\">\r\n        <div class=\"elementor-widget-wrap elementor-element-populated\">\r\n                     \r\n        \t\t<div class=\"elementor-element elementor-element-dccce83 elementor-widget elementor-widget-shortcode\" data-id=\"dccce83\" data-element_type=\"widget\" data-e-type=\"widget\" data-widget_type=\"shortcode.default\">\n\t\t\t\t<div class=\"elementor-widget-container\">\n\t\t\t\t\t\t\t<div class=\"elementor-shortcode\">        <style>\n        .dwc-careers-container {\n            max-width: 1200px;\n            margin: 0 auto;\n            padding: 20px;\n        }\n        .dwc-jobs-heading {\n            text-align: center;\n            font-size: 2.5em;\n            font-weight: bold;\n            color: #000;\n            margin-bottom: 40px;\n        }\n        .dwc-jobs-list {\n            display: block !important;\n            width: 100% !important;\n        }\n        .dwc-job-item {\n            display: block !important;\n            width: 100% !important;\n            max-width: 100% !important;\n            float: none !important;\n            clear: both !important;\n            margin-left: 0 !important;\n            margin-right: 0 !important;\n            padding: 20px 0;\n            border-bottom: 1px solid #e0e0e0;\n        }\n        .dwc-job-item:last-child {\n            border-bottom: none;\n        }\n        .dwc-job-header-row {\n            display: flex;\n            align-items: center;\n            justify-content: space-between;\n            flex-wrap: wrap;\n            gap: 15px;\n            margin-bottom: 8px;\n        }\n        .dwc-job-title-section {\n            flex: 1;\n            max-width: 65%;\n            min-width: 200px;\n        }\n        .dwc-job-apply-button-wrapper {\n            flex: 0 0 auto;\n            display: flex;\n            align-items: center;\n            align-self: center;\n        }\n        .dwc-job-apply-button {\n            background-color: transparent;\n            color: #000;\n            border: 2px solid #000;\n            padding: 12px 24px;\n            text-decoration: none;\n            border-radius: 4px;\n            font-weight: 600;\n            font-size: 0.95em;\n            display: inline-block;\n            transition: all 0.3s ease;\n        }\n        .dwc-job-apply-button:hover {\n            background-color: #000;\n            color: #fff;\n            text-decoration: none;\n        }\n        .dwc-job-title-link {\n            color: #000;\n            text-decoration: none;\n            font-size: 1.2em;\n            font-weight: 600;\n            display: block;\n            margin-bottom: 8px;\n        }\n        .dwc-job-title-link:hover {\n            text-decoration: underline;\n        }\n        .dwc-job-description-excerpt {\n            color: #666;\n            font-size: 0.9em;\n            line-height: 1.5;\n            margin-top: 8px;\n        }\n        .dwc-job-meta-row {\n            display: flex;\n            align-items: center;\n            gap: 20px;\n            flex-wrap: wrap;\n            color: #666;\n            font-size: 0.9em;\n            flex: 1;\n        }\n        .dwc-job-posted {\n            color: #666;\n            font-size: 0.9em;\n            margin-top: 20px;\n            font-weight: 600;\n        }\n        .dwc-job-work-arrangement,\n        .dwc-job-location,\n        .dwc-job-employment-type {\n            color: #666;\n        }\n        <\/style>\n        <div class=\"dwc-careers-container\">\n            <div class=\"dwc-jobs-list\" id=\"dwc-jobs-list\">\n                <div class=\"dwc-job-item dwc-job-filters\">\n                    <div class=\"dwc-careers-filters\" style=\"margin:0;\">\n                        <form\n                            method=\"get\"\n                            class=\"dwc-careers-filter-form\"\n                            data-language=\"FR\"\n                            data-wpml-lang=\"fr\"\n                            data-base-url=\"https:\/\/phelpsgroup.ca\/fr\/offres-demploi\/\"\n                            style=\"display:flex !important; flex-wrap:nowrap !important; gap:10px !important; align-items:center !important; margin:0 !important;\"\n                        >\n                            <span class=\"dwc-select-wrap\" style=\"position:relative; display:inline-flex; align-items:center;\">\n                                <select name=\"dwc_city\" class=\"dwc-filter-select\" style=\"border:2px solid #000 !important; color:#000 !important; background-color:transparent !important; width:auto !important; min-width:180px !important; padding:12px 44px 12px 16px !important; box-shadow:none !important; -webkit-appearance:none !important; -moz-appearance:none !important; appearance:none !important;\">\n                                    <option value=\"\">Toutes les villes<\/option>\n                                                                            <option value=\"Iqaluit\" >\n                                            Iqaluit                                        <\/option>\n                                                                            <option value=\"Montr\u00e9al\" >\n                                            Montr\u00e9al                                        <\/option>\n                                                                    <\/select>\n                                <i class=\"fa-solid fa-chevron-down dwc-select-caret\" aria-hidden=\"true\"><\/i>\n                            <\/span>\n\n                            <span class=\"dwc-select-wrap\" style=\"position:relative; display:inline-flex; align-items:center;\">\n                                <select name=\"dwc_province\" class=\"dwc-filter-select\" style=\"border:2px solid #000 !important; color:#000 !important; background-color:transparent !important; width:auto !important; min-width:180px !important; padding:12px 44px 12px 16px !important; box-shadow:none !important; -webkit-appearance:none !important; -moz-appearance:none !important; appearance:none !important;\">\n                                    <option value=\"\">Toutes les provinces<\/option>\n                                                                                                                    <option value=\"NU\" >\n                                            Nunavut (NU)                                        <\/option>\n                                                                                                                    <option value=\"QC\" >\n                                            Quebec (QC)                                        <\/option>\n                                                                    <\/select>\n                                <i class=\"fa-solid fa-chevron-down dwc-select-caret\" aria-hidden=\"true\"><\/i>\n                            <\/span>\n\n                            <noscript>\n                                <button type=\"submit\" class=\"dwc-job-apply-button\" style=\"padding:12px 16px;\">Apply<\/button>\n                            <\/noscript>\n                        <\/form>\n                    <\/div>\n                <\/div>\n                <div id=\"dwc-jobs-results\">\n                                <div class=\"dwc-job-item\" data-job-id=\"e85369a6-c3fc-47b3-8e0f-90de0803e8ed\">\n                <div class=\"dwc-job-header-row\">\n                    <div class=\"dwc-job-title-section\">\n                        <a href=\"https:\/\/phelpsgroup.ca\/fr\/offres-demploi\/30256\/lobe-cliniques-8211-direction-ressources-humaines\/\" class=\"dwc-job-title-link\">\n                            Lobe Cliniques &#8211; Direction, Ressources humaines                        <\/a>\n                                                    <div class=\"dwc-job-description-excerpt\">\n                                LE R\u00d4LE En tant que membre du comit\u00e9 de direction, la personne titulaire du poste occupe un r\u00f4le strat\u00e9gique qui \u00e9volue au sein d\u2019une structure matricielle. Ce r\u00f4le mise sur une strat\u00e9gie de capital humain align\u00e9e avec l\u2019\u00e9volution et la croissance du r\u00e9seau de cliniques. Gr\u00e2ce \u00e0 son leadership d\u2019influence, la personne articulera sa vision...                            <\/div>\n                                            <\/div>\n                    <div class=\"dwc-job-apply-button-wrapper\">\n                        <a href=\"https:\/\/phelpsgroup.ca\/fr\/offres-demploi\/30256\/lobe-cliniques-8211-direction-ressources-humaines\/\" class=\"dwc-job-apply-button\">\n                            Postuler maintenant                        <\/a>\n                    <\/div>\n                <\/div>\n                                    <div class=\"dwc-job-posted\">\n                        Montr\u00e9al, QC, Canada | Poste n\u00ba1461                    <\/div>\n                            <\/div>\n                        <div class=\"dwc-job-item\" data-job-id=\"54d5cf3b-e651-414e-bdea-81de080410e2\">\n                <div class=\"dwc-job-header-row\">\n                    <div class=\"dwc-job-title-section\">\n                        <a href=\"https:\/\/phelpsgroup.ca\/fr\/offres-demploi\/30259\/gouvernement-du-nunavut-8211-sous-ministre\/\" class=\"dwc-job-title-link\">\n                            Gouvernement du Nunavut &#8211; Sous-ministre                        <\/a>\n                                                    <div class=\"dwc-job-description-excerpt\">\n                                \u00c0 propos du Nunavut Cr\u00e9\u00e9 en 1999, le Nunavut repr\u00e9sente un mod\u00e8le unique de gouvernance fond\u00e9 sur la culture et la collaboration. Le territoire est profond\u00e9ment enracin\u00e9 dans les valeurs, la langue et les traditions inuites. S\u2019appuyant sur ces fondements culturels solides, le gouvernement du Nunavut travaille activement \u00e0 b\u00e2tir un avenir durable gr\u00e2ce \u00e0...                            <\/div>\n                                            <\/div>\n                    <div class=\"dwc-job-apply-button-wrapper\">\n                        <a href=\"https:\/\/phelpsgroup.ca\/fr\/offres-demploi\/30259\/gouvernement-du-nunavut-8211-sous-ministre\/\" class=\"dwc-job-apply-button\">\n                            Postuler maintenant                        <\/a>\n                    <\/div>\n                <\/div>\n                                    <div class=\"dwc-job-posted\">\n                        Iqaluit, NU, Canada | Poste n\u00ba1447                    <\/div>\n                            <\/div>\n                            <\/div>\n            <\/div>\n        <\/div>\n        <\/div>\n\t\t\t\t\t\t<\/div>\n\t\t\t\t<\/div>\n\t\t            <\/div>\r\n        <\/div>\r\n        \t\t\t<\/div>\n\t\t<\/section>\n\t\t\t\t<\/div>\n\t\t","protected":false},"excerpt":{"rendered":"","protected":false},"author":2,"featured_media":0,"parent":0,"menu_order":0,"comment_status":"closed","ping_status":"closed","template":"","meta":{"footnotes":""},"class_list":["post-24513","page","type-page","status-publish","hentry"],"_links":{"self":[{"href":"https:\/\/phelpsgroup.ca\/fr\/wp-json\/wp\/v2\/pages\/24513","targetHints":{"allow":["GET"]}}],"collection":[{"href":"https:\/\/phelpsgroup.ca\/fr\/wp-json\/wp\/v2\/pages"}],"about":[{"href":"https:\/\/phelpsgroup.ca\/fr\/wp-json\/wp\/v2\/types\/page"}],"author":[{"embeddable":true,"href":"https:\/\/phelpsgroup.ca\/fr\/wp-json\/wp\/v2\/users\/2"}],"replies":[{"embeddable":true,"href":"https:\/\/phelpsgroup.ca\/fr\/wp-json\/wp\/v2\/comments?post=24513"}],"version-history":[{"count":5,"href":"https:\/\/phelpsgroup.ca\/fr\/wp-json\/wp\/v2\/pages\/24513\/revisions"}],"predecessor-version":[{"id":25839,"href":"https:\/\/phelpsgroup.ca\/fr\/wp-json\/wp\/v2\/pages\/24513\/revisions\/25839"}],"wp:attachment":[{"href":"https:\/\/phelpsgroup.ca\/fr\/wp-json\/wp\/v2\/media?parent=24513"}],"curies":[{"name":"wp","href":"https:\/\/api.w.org\/{rel}","templated":true}]}}