{"id":24615,"date":"2024-04-16T02:41:14","date_gmt":"2024-04-16T02:41:14","guid":{"rendered":"https:\/\/phelps:8890\/panorama\/"},"modified":"2026-01-07T18:48:41","modified_gmt":"2026-01-07T18:48:41","slug":"panorama","status":"publish","type":"page","link":"https:\/\/phelpsgroup.ca\/fr\/panorama\/","title":{"rendered":"Notre r\u00e9seau mondial de recrutement de cadres : Panorama"},"content":{"rendered":"\t\t<div data-elementor-type=\"wp-page\" data-elementor-id=\"24615\" class=\"elementor elementor-24615 elementor-182\">\n\t\t\t\t        <section class=\"elementor-section elementor-top-section elementor-element elementor-element-9b36c64 elementor-section-stretched elementor-section-boxed elementor-section-height-default elementor-section-height-default pxl-row-scroll-none pxl-zoom-point-false pxl-section-overflow-visible\" data-id=\"9b36c64\" data-element_type=\"section\" data-e-type=\"section\" data-settings=\"{&quot;stretch_section&quot;:&quot;section-stretched&quot;,&quot;background_background&quot;:&quot;classic&quot;}\">\n\n                            <div class=\"elementor-background-overlay\"><\/div>\n            \n                <div class=\"elementor-container elementor-column-gap-extended \">\n                <div class=\"elementor-column elementor-col-100 elementor-top-column elementor-element elementor-element-0f560f7 pxl-column-none pxl-column-overflow-hidden-no pxl-column-line-no\" data-id=\"0f560f7\" data-element_type=\"column\" data-e-type=\"column\">\r\n        <div class=\"elementor-widget-wrap elementor-element-populated\">\r\n                     \r\n        \t\t<div class=\"elementor-element elementor-element-8698222 elementor-widget elementor-widget-pxl_heading\" data-id=\"8698222\" data-element_type=\"widget\" data-e-type=\"widget\" data-widget_type=\"pxl_heading.default\">\n\t\t\t\t<div class=\"elementor-widget-container\">\n\t\t\t\t\t\n<div id=\"pxl-pxl_heading-8698222-5968\" class=\"pxl-heading px-sub-title-default-style \">\n\t<div class=\"pxl-heading--inner\">\n\t\t\n\t\t<h1 class=\"pxl-item--title style-default ft-gt highlight-default \" data-wow-delay=\"ms\">\n\t\t\t\t\t\t\tNotre r\u00e9seau mondial de recrutement de cadres : Panorama\t\n\t\t\t\t\n\t\t<\/h1>\n\t\t\n\t<\/div>\n<\/div>\t\t\t\t<\/div>\n\t\t\t\t<\/div>\n\t\t\t\t<div class=\"elementor-element elementor-element-02fc443 elementor-widget-divider--view-line elementor-widget elementor-widget-divider\" data-id=\"02fc443\" data-element_type=\"widget\" data-e-type=\"widget\" data-widget_type=\"divider.default\">\n\t\t\t\t<div class=\"elementor-widget-container\">\n\t\t\t\t\t\t\t<div class=\"elementor-divider\">\n\t\t\t<span class=\"elementor-divider-separator\">\n\t\t\t\t\t\t<\/span>\n\t\t<\/div>\n\t\t\t\t\t\t<\/div>\n\t\t\t\t<\/div>\n\t\t\t\t<div class=\"elementor-element elementor-element-bb65e04 elementor-widget-divider--view-line elementor-widget elementor-widget-divider\" data-id=\"bb65e04\" data-element_type=\"widget\" data-e-type=\"widget\" data-widget_type=\"divider.default\">\n\t\t\t\t<div class=\"elementor-widget-container\">\n\t\t\t\t\t\t\t<div class=\"elementor-divider\">\n\t\t\t<span class=\"elementor-divider-separator\">\n\t\t\t\t\t\t<\/span>\n\t\t<\/div>\n\t\t\t\t\t\t<\/div>\n\t\t\t\t<\/div>\n\t\t\t\t<div class=\"elementor-element elementor-element-f5d5229 elementor-widget elementor-widget-pxl_breadcrumb\" data-id=\"f5d5229\" data-element_type=\"widget\" data-e-type=\"widget\" data-widget_type=\"pxl_breadcrumb.default\">\n\t\t\t\t<div class=\"elementor-widget-container\">\n\t\t\t\t\t<div class=\"pxl-breadcrumb-wrap\">\n\t<ul class=\"pxl-breadcrumb\"><li><span class=\"breadcrumb-entry\">Accueil<\/span><\/li><\/ul><\/div>\t\t\t\t<\/div>\n\t\t\t\t<\/div>\n\t\t            <\/div>\r\n        <\/div>\r\n        \t\t\t<\/div>\n\t\t<\/section>\n\t\t        <section class=\"elementor-section elementor-top-section elementor-element elementor-element-fd70987 elementor-section-stretched elementor-section-boxed elementor-section-height-default elementor-section-height-default pxl-row-scroll-none pxl-zoom-point-false pxl-section-overflow-visible\" data-id=\"fd70987\" data-element_type=\"section\" data-e-type=\"section\" data-settings=\"{&quot;stretch_section&quot;:&quot;section-stretched&quot;,&quot;background_background&quot;:&quot;classic&quot;}\">\n\n                \n                <div class=\"elementor-container elementor-column-gap-extended \">\n                <div class=\"elementor-column elementor-col-50 elementor-top-column elementor-element elementor-element-d3b37c8 pxl-column-none pxl-column-overflow-hidden-no pxl-column-line-no\" data-id=\"d3b37c8\" data-element_type=\"column\" data-e-type=\"column\">\r\n        <div class=\"elementor-widget-wrap elementor-element-populated\">\r\n                     \r\n        \t\t<div class=\"elementor-element elementor-element-91f0598 ft-gt elementor-widget elementor-widget-pxl_heading\" data-id=\"91f0598\" data-element_type=\"widget\" data-e-type=\"widget\" data-widget_type=\"pxl_heading.default\">\n\t\t\t\t<div class=\"elementor-widget-container\">\n\t\t\t\t\t\n<div id=\"pxl-pxl_heading-91f0598-6303\" class=\"pxl-heading px-sub-title-default-style \">\n\t<div class=\"pxl-heading--inner\">\n\t\t\n\t\t<h3 class=\"pxl-item--title style-default  highlight-default pxl-split-text split-in-fade\" data-wow-delay=\"ms\">\n\t\t\t\t\t\t\tPanorama\t\n\t\t\t\t\n\t\t<\/h3>\n\t\t\n\t<\/div>\n<\/div>\t\t\t\t<\/div>\n\t\t\t\t<\/div>\n\t\t\t\t<div class=\"elementor-element elementor-element-a38931c elementor-widget elementor-widget-pxl_text_editor\" data-id=\"a38931c\" data-element_type=\"widget\" data-e-type=\"widget\" data-widget_type=\"pxl_text_editor.default\">\n\t\t\t\t<div class=\"elementor-widget-container\">\n\t\t\t\t\t<div class=\"pxl-text-editor\">\n\t<div class=\"pxl-item--inner  \" data-wow-delay=\"ms\">\n\t\t<p><strong>Nous sommes fiers membres de Panorama<\/strong>, une communaut\u00e9 internationale r\u00e9unissant plus de 400 experts et expertes en leadership. Ensemble, nous nous engageons \u00e0 promouvoir une vision diversifi\u00e9e du leadership, \u00e0 encourager la pens\u00e9e cr\u00e9ative et le partage d\u2019exp\u00e9riences, afin d\u2019offrir \u00e0 nos clients les meilleures solutions pour leurs besoins en leadership.<\/p>\t\t\n\t<\/div>\n<\/div>\t\t\t\t<\/div>\n\t\t\t\t<\/div>\n\t\t\t\t<div class=\"elementor-element elementor-element-383f7d6 elementor-widget elementor-widget-pxl_text_editor\" data-id=\"383f7d6\" data-element_type=\"widget\" data-e-type=\"widget\" data-widget_type=\"pxl_text_editor.default\">\n\t\t\t\t<div class=\"elementor-widget-container\">\n\t\t\t\t\t<div class=\"pxl-text-editor\">\n\t<div class=\"pxl-item--inner  \" data-wow-delay=\"ms\">\n\t\t<p>Nous intervenons dans une grande vari\u00e9t\u00e9 de secteurs, avec la passion et l\u2019esprit d\u2019innovation qui nous animent depuis nos d\u00e9buts entrepreneuriaux. En tant que membre d\u2019un r\u00e9seau mondial de recherche de cadres, nous conjuguons des perspectives vari\u00e9es et une expertise locale pour offrir des pratiques de leadership durables.<\/p><p>Notre approche repose sur l\u2019imagination et la curiosit\u00e9. Elle permet \u00e0 nos clients de rep\u00e9rer et de faire grandir les leaders qui sauront s\u2019\u00e9panouir dans un monde en constante \u00e9volution.<\/p>\t\t\n\t<\/div>\n<\/div>\t\t\t\t<\/div>\n\t\t\t\t<\/div>\n\t\t\t\t<div class=\"elementor-element elementor-element-3c9691b elementor-widget elementor-widget-pxl_text_editor\" data-id=\"3c9691b\" data-element_type=\"widget\" data-e-type=\"widget\" data-widget_type=\"pxl_text_editor.default\">\n\t\t\t\t<div class=\"elementor-widget-container\">\n\t\t\t\t\t<div class=\"pxl-text-editor\">\n\t<div class=\"pxl-item--inner  \" data-wow-delay=\"ms\">\n\t\t<p>Panorama mise sur une collaboration \u00e9troite entre ses membres : un v\u00e9ritable esprit de communaut\u00e9 ax\u00e9 sur le partage d\u2019expertise, d\u2019exp\u00e9rience et d\u2019id\u00e9es. En tant que r\u00e9seau mondial de confiance en recherche de cadres, nous mettons \u00e0 profit nos forces uniques pour g\u00e9n\u00e9rer des r\u00e9sultats porteurs de sens et de diversit\u00e9.<\/p><p>Nous valorisons avant tout les personnes, au-del\u00e0 des titres. Nous aidons les organisations \u00e0 d\u00e9couvrir un leadership authentique, align\u00e9 avec leurs valeurs et leur vision.<\/p>\t\t\n\t<\/div>\n<\/div>\t\t\t\t<\/div>\n\t\t\t\t<\/div>\n\t\t\t\t<div class=\"elementor-element elementor-element-bc790b3 elementor-widget elementor-widget-pxl_text_editor\" data-id=\"bc790b3\" data-element_type=\"widget\" data-e-type=\"widget\" data-widget_type=\"pxl_text_editor.default\">\n\t\t\t\t<div class=\"elementor-widget-container\">\n\t\t\t\t\t<div class=\"pxl-text-editor\">\n\t<div class=\"pxl-item--inner  \" data-wow-delay=\"ms\">\n\t\tFond\u00e9 en 2009, Panorama est une communaut\u00e9 mondiale de cabinets sp\u00e9cialis\u00e9s et ind\u00e9pendants en recherche de cadres et en leadership. Elle repose sur la confiance, la collaboration et des valeurs partag\u00e9es. Avec 24 cabinets membres r\u00e9partis dans 25 pays et plus de 400 expert.es en leadership, Panorama propose des solutions inclusives de calibre international.\n<br><br>\nNous sommes fiers de faire partie de ce r\u00e9seau mondial, au service de nos client.es \u00e0 travers le monde.\n\n&nbsp;\t\t\n\t<\/div>\n<\/div>\t\t\t\t<\/div>\n\t\t\t\t<\/div>\n\t\t            <\/div>\r\n        <\/div>\r\n                <div class=\"elementor-column elementor-col-50 elementor-top-column elementor-element elementor-element-1126873 elementor-hidden-mobile elementor-hidden-tablet pxl-column-none pxl-column-overflow-hidden-no pxl-column-line-no\" data-id=\"1126873\" data-element_type=\"column\" data-e-type=\"column\" data-settings=\"{&quot;background_background&quot;:&quot;classic&quot;}\">\r\n        <div class=\"elementor-widget-wrap\">\r\n                     \r\n                    <\/div>\r\n        <\/div>\r\n        \t\t\t<\/div>\n\t\t<\/section>\n\t\t        <section class=\"elementor-section elementor-top-section elementor-element elementor-element-bcdbae7 elementor-section-full_width elementor-section-stretched elementor-section-height-default elementor-section-height-default pxl-row-scroll-none pxl-zoom-point-false pxl-section-overflow-visible pxl-full-content-with-space-none\" data-id=\"bcdbae7\" data-element_type=\"section\" data-e-type=\"section\" data-settings=\"{&quot;stretch_section&quot;:&quot;section-stretched&quot;,&quot;background_background&quot;:&quot;classic&quot;}\">\n\n                \n                <div class=\"elementor-container elementor-column-gap-extended \">\n                <div class=\"elementor-column elementor-col-50 elementor-top-column elementor-element elementor-element-e981e91 pxl-column-none pxl-column-overflow-hidden-no pxl-column-line-no\" data-id=\"e981e91\" data-element_type=\"column\" data-e-type=\"column\" data-settings=\"{&quot;background_background&quot;:&quot;classic&quot;}\">\r\n        <div class=\"elementor-widget-wrap elementor-element-populated\">\r\n                     \r\n        \t\t<div class=\"elementor-element elementor-element-017c5e7 elementor-widget__width-auto elementor-widget elementor-widget-pxl_icon\" data-id=\"017c5e7\" data-element_type=\"widget\" data-e-type=\"widget\" data-widget_type=\"pxl_icon.default\">\n\t\t\t\t<div class=\"elementor-widget-container\">\n\t\t\t\t\t    <div class=\"pxl-icon-list pxl-icon1  style-2  \" data-wow-delay=\"ms\">\r\n                                    <a class=\"elementor-repeater-item-d03c185 \" href=\"https:\/\/www.instagram.com\/_wearepanorama\/\" target=\"_blank\" rel=\"nofollow noopener\">\r\n                                        <i aria-hidden=\"true\" class=\"bootstrap-icons bi-instagram\"><\/i>                                                        <\/a>\r\n                                                <a class=\"elementor-repeater-item-660dad7 \" href=\"https:\/\/www.linkedin.com\/company\/panoramaleadership\/\" target=\"_blank\" rel=\"nofollow noopener\">\r\n                                        <i aria-hidden=\"true\" class=\"bootstrap-icons bi-linkedin\"><\/i>                                                        <\/a>\r\n                                                <a class=\"elementor-repeater-item-433cfc4 \" href=\"https:\/\/x.com\/_WeArePanorama\" target=\"_blank\" rel=\"nofollow\">\r\n                                        <i aria-hidden=\"true\" class=\"bootstrap-icons bi-twitter\"><\/i>                                                        <\/a>\r\n                        <\/div>\r\n    \t\t\t\t<\/div>\n\t\t\t\t<\/div>\n\t\t\t\t<div class=\"elementor-element elementor-element-f20cec1 elementor-widget elementor-widget-pxl_heading\" data-id=\"f20cec1\" data-element_type=\"widget\" data-e-type=\"widget\" data-widget_type=\"pxl_heading.default\">\n\t\t\t\t<div class=\"elementor-widget-container\">\n\t\t\t\t\t\n<div id=\"pxl-pxl_heading-f20cec1-4786\" class=\"pxl-heading px-sub-title-default-style \">\n\t<div class=\"pxl-heading--inner\">\n\t\t\n\t\t<h3 class=\"pxl-item--title style-default ft-gt highlight-default \" data-wow-delay=\"ms\">\n\t\t\t\t\t\t\tFaites connaissance avec notre communaut\u00e9 mondiale\t\n\t\t\t\t\n\t\t<\/h3>\n\t\t\n\t<\/div>\n<\/div>\t\t\t\t<\/div>\n\t\t\t\t<\/div>\n\t\t\t\t<div class=\"elementor-element elementor-element-65a9399 elementor-widget-divider--view-line elementor-widget elementor-widget-divider\" data-id=\"65a9399\" data-element_type=\"widget\" data-e-type=\"widget\" data-widget_type=\"divider.default\">\n\t\t\t\t<div class=\"elementor-widget-container\">\n\t\t\t\t\t\t\t<div class=\"elementor-divider\">\n\t\t\t<span class=\"elementor-divider-separator\">\n\t\t\t\t\t\t<\/span>\n\t\t<\/div>\n\t\t\t\t\t\t<\/div>\n\t\t\t\t<\/div>\n\t\t\t\t<div class=\"elementor-element elementor-element-d16cf14 elementor-align-left ft-gt elementor-widget elementor-widget-pxl_button\" data-id=\"d16cf14\" data-element_type=\"widget\" data-e-type=\"widget\" data-widget_type=\"pxl_button.default\">\n\t\t\t\t<div class=\"elementor-widget-container\">\n\t\t\t\t\t<div id=\"pxl-pxl_button-d16cf14-2787\" class=\"pxl-button pxl-atc-link \" data-wow-delay=\"ms\">\r\n    <a href=\"https:\/\/panorama-leadership.com\/\" target=\"_blank\" class=\"btn pxl-icon-active btn-hide-icon btn-default  inline pxl-icon--right\" data-wow-delay=\"ms\" data-target=\".pxl-page-popup-template-0\" rel=\"nofollow noopener\">\r\n        <i aria-hidden=\"true\" class=\"flaticon flaticon-right-arrow\"><\/i>        <span class=\"pxl--btn-text\" data-text=\"Visitez le site Web de Panorama\">\r\n            Visitez le site Web de Panorama        <\/span>\r\n            <\/a>\r\n<\/div>\t\t\t\t<\/div>\n\t\t\t\t<\/div>\n\t\t            <\/div>\r\n        <\/div>\r\n                <div class=\"elementor-column elementor-col-50 elementor-top-column elementor-element elementor-element-cb8e365 image-right pxl-column-none pxl-column-overflow-hidden-no pxl-column-line-no\" data-id=\"cb8e365\" data-element_type=\"column\" data-e-type=\"column\" data-settings=\"{&quot;background_background&quot;:&quot;classic&quot;}\">\r\n        <div class=\"elementor-widget-wrap\">\r\n                     \r\n                    <\/div>\r\n        <\/div>\r\n        \t\t\t<\/div>\n\t\t<\/section>\n\t\t\t\t<\/div>\n\t\t","protected":false},"excerpt":{"rendered":"<p>Notre r\u00e9seau mondial de recrutement de cadres : Panorama Accueil Panorama Nous sommes fiers membres de Panorama, une communaut\u00e9 internationale r\u00e9unissant plus de 400 experts et expertes en leadership. Ensemble, nous nous engageons \u00e0 promouvoir une vision diversifi\u00e9e du leadership, \u00e0 encourager la pens\u00e9e cr\u00e9ative et le partage d\u2019exp\u00e9riences, afin d\u2019offrir \u00e0 nos clients les [&hellip;]<\/p>\n","protected":false},"author":2,"featured_media":0,"parent":0,"menu_order":0,"comment_status":"closed","ping_status":"closed","template":"","meta":{"footnotes":""},"class_list":["post-24615","page","type-page","status-publish","hentry"],"_links":{"self":[{"href":"https:\/\/phelpsgroup.ca\/fr\/wp-json\/wp\/v2\/pages\/24615","targetHints":{"allow":["GET"]}}],"collection":[{"href":"https:\/\/phelpsgroup.ca\/fr\/wp-json\/wp\/v2\/pages"}],"about":[{"href":"https:\/\/phelpsgroup.ca\/fr\/wp-json\/wp\/v2\/types\/page"}],"author":[{"embeddable":true,"href":"https:\/\/phelpsgroup.ca\/fr\/wp-json\/wp\/v2\/users\/2"}],"replies":[{"embeddable":true,"href":"https:\/\/phelpsgroup.ca\/fr\/wp-json\/wp\/v2\/comments?post=24615"}],"version-history":[{"count":5,"href":"https:\/\/phelpsgroup.ca\/fr\/wp-json\/wp\/v2\/pages\/24615\/revisions"}],"predecessor-version":[{"id":24626,"href":"https:\/\/phelpsgroup.ca\/fr\/wp-json\/wp\/v2\/pages\/24615\/revisions\/24626"}],"wp:attachment":[{"href":"https:\/\/phelpsgroup.ca\/fr\/wp-json\/wp\/v2\/media?parent=24615"}],"curies":[{"name":"wp","href":"https:\/\/api.w.org\/{rel}","templated":true}]}}