{"id":25437,"date":"2026-02-06T14:09:32","date_gmt":"2026-02-06T19:09:32","guid":{"rendered":"https:\/\/phelpsgroup.ca\/etudes-de-cas\/"},"modified":"2026-02-09T09:10:42","modified_gmt":"2026-02-09T14:10:42","slug":"etudes-de-cas","status":"publish","type":"page","link":"https:\/\/phelpsgroup.ca\/fr\/etudes-de-cas\/","title":{"rendered":"\u00c9tudes de cas"},"content":{"rendered":"\t\t<div data-elementor-type=\"wp-page\" data-elementor-id=\"25437\" class=\"elementor elementor-25437 elementor-25351\">\n\t\t\t\t        <section class=\"elementor-section elementor-top-section elementor-element elementor-element-7a9272c elementor-section-stretched elementor-section-boxed elementor-section-height-default elementor-section-height-default pxl-row-scroll-none pxl-zoom-point-false pxl-section-overflow-visible\" data-id=\"7a9272c\" data-element_type=\"section\" data-e-type=\"section\" data-settings=\"{&quot;stretch_section&quot;:&quot;section-stretched&quot;,&quot;background_background&quot;:&quot;classic&quot;}\">\n\n                            <div class=\"elementor-background-overlay\"><\/div>\n            \n                <div class=\"elementor-container elementor-column-gap-extended \">\n                <div class=\"elementor-column elementor-col-100 elementor-top-column elementor-element elementor-element-d4dd290 pxl-column-none pxl-column-overflow-hidden-no pxl-column-line-no\" data-id=\"d4dd290\" data-element_type=\"column\" data-e-type=\"column\">\r\n        <div class=\"elementor-widget-wrap elementor-element-populated\">\r\n                     \r\n        \t\t<div class=\"elementor-element elementor-element-0abe475 elementor-widget elementor-widget-pxl_heading\" data-id=\"0abe475\" data-element_type=\"widget\" data-e-type=\"widget\" data-widget_type=\"pxl_heading.default\">\n\t\t\t\t<div class=\"elementor-widget-container\">\n\t\t\t\t\t\n<div id=\"pxl-pxl_heading-0abe475-5641\" class=\"pxl-heading px-sub-title-default-style \">\n\t<div class=\"pxl-heading--inner\">\n\t\t\n\t\t<h1 class=\"pxl-item--title style-default ft-gt highlight-default \" data-wow-delay=\"ms\">\n\t\t\t\t\t\t\t\u00c9tudes de cas\t\n\t\t\t\t\n\t\t<\/h1>\n\t\t\n\t<\/div>\n<\/div>\t\t\t\t<\/div>\n\t\t\t\t<\/div>\n\t\t\t\t<div class=\"elementor-element elementor-element-6f319b6 elementor-widget-divider--view-line elementor-widget elementor-widget-divider\" data-id=\"6f319b6\" data-element_type=\"widget\" data-e-type=\"widget\" data-widget_type=\"divider.default\">\n\t\t\t\t<div class=\"elementor-widget-container\">\n\t\t\t\t\t\t\t<div class=\"elementor-divider\">\n\t\t\t<span class=\"elementor-divider-separator\">\n\t\t\t\t\t\t<\/span>\n\t\t<\/div>\n\t\t\t\t\t\t<\/div>\n\t\t\t\t<\/div>\n\t\t\t\t<div class=\"elementor-element elementor-element-a501577 elementor-widget-divider--view-line elementor-widget elementor-widget-divider\" data-id=\"a501577\" data-element_type=\"widget\" data-e-type=\"widget\" data-widget_type=\"divider.default\">\n\t\t\t\t<div class=\"elementor-widget-container\">\n\t\t\t\t\t\t\t<div class=\"elementor-divider\">\n\t\t\t<span class=\"elementor-divider-separator\">\n\t\t\t\t\t\t<\/span>\n\t\t<\/div>\n\t\t\t\t\t\t<\/div>\n\t\t\t\t<\/div>\n\t\t\t\t<div class=\"elementor-element elementor-element-e483795 elementor-widget elementor-widget-pxl_breadcrumb\" data-id=\"e483795\" data-element_type=\"widget\" data-e-type=\"widget\" data-widget_type=\"pxl_breadcrumb.default\">\n\t\t\t\t<div class=\"elementor-widget-container\">\n\t\t\t\t\t<div class=\"pxl-breadcrumb-wrap\">\n\t<ul class=\"pxl-breadcrumb\"><li><span class=\"breadcrumb-entry\">Accueil<\/span><\/li><\/ul><\/div>\t\t\t\t<\/div>\n\t\t\t\t<\/div>\n\t\t            <\/div>\r\n        <\/div>\r\n        \t\t\t<\/div>\n\t\t<\/section>\n\t\t        <section class=\"elementor-section elementor-top-section elementor-element elementor-element-5c2c644 elementor-section-stretched elementor-section-boxed elementor-section-height-default elementor-section-height-default pxl-row-scroll-none pxl-zoom-point-false pxl-section-overflow-visible\" data-id=\"5c2c644\" data-element_type=\"section\" data-e-type=\"section\" data-settings=\"{&quot;stretch_section&quot;:&quot;section-stretched&quot;}\">\n\n                            <div class=\"elementor-background-overlay\"><\/div>\n            \n                <div class=\"elementor-container elementor-column-gap-extended \">\n                <div class=\"elementor-column elementor-col-100 elementor-top-column elementor-element elementor-element-dc41481 pxl-column-none pxl-column-overflow-hidden-no pxl-column-line-no\" data-id=\"dc41481\" data-element_type=\"column\" data-e-type=\"column\">\r\n        <div class=\"elementor-widget-wrap elementor-element-populated\">\r\n                     \r\n        \t\t<div class=\"elementor-element elementor-element-9bd1edc pxl-post-layout-portfolio-1 case-studies elementor-widget elementor-widget-pxl_post_grid\" data-id=\"9bd1edc\" data-element_type=\"widget\" data-e-type=\"widget\" data-widget_type=\"pxl_post_grid.default\">\n\t\t\t\t<div class=\"elementor-widget-container\">\n\t\t\t\t\t\n<div id=\"pxl_post_grid-9bd1edc-1132\" class=\"pxl-grid pxl-portfolio-grid pxl-portfolio-grid-layout1 pxl-portfolio-style1\" data-start-page=\"1\" data-max-pages=\"1\" data-total=\"2\" data-perpage=\"20\" data-next-link=\"\" data-layout=\"fitRows\">\n    \n    <div class=\"pxl-grid-inner pxl-grid-masonry row\" data-gutter=\"15\">\n        <div class=\"grid-sizer col-xl-4 col-lg-4 col-md-6 col-sm-6 col-12\"><\/div>\n                        <div class=\"pxl-grid-item col-xl-4 col-lg-4 col-md-6 col-sm-6 col-12 \">\n\n                    <div class=\"pxl-post--inner wow fadeInUp\" data-wow-duration=\"1.2s\">\n                        <div class=\"pxl-post--featured \">\n                            <a href=\"https:\/\/phelpsgroup.ca\/fr\/portfolio\/secteur-reglementaire\/\">\n                                <img fetchpriority=\"high\" decoding=\"async\" class=\"no-lazyload \" src=\"https:\/\/phelpsgroup.ca\/wp-content\/uploads\/2026\/02\/getty-images-UGFv-F9A8Yo-unsplash-scaled-500x500.jpg\" width=\"500\" height=\"500\" alt=\"getty-images-UGFv-F9A8Yo-unsplash\" title=\"getty-images-UGFv-F9A8Yo-unsplash\" \/>                            <\/a>\n                        <\/div>\n                        <div class=\"pxl-post--holder\">\n                            <h5 class=\"pxl-post--title\">\n                                <a href=\"https:\/\/phelpsgroup.ca\/fr\/portfolio\/secteur-reglementaire\/\">\n                                    Secteur r\u00e9glementaire                                <\/a>\n                            <\/h5>\n                                                        <div class=\"pxl-post-content-hide\">\n                                <span class=\"divider\"><\/span>\n                                                                    <div class=\"pxl-post--content\">\n                                                                                    Des \u00e9valuations ex\u00e9cutives cibl\u00e9es ont permis de confirmer la capacit\u00e9 des candidats \u00e0 renforcer la gouvernance, moderniser les syst\u00e8mes financiers et g\u00e9rer des mod\u00e8les de&hellip;                                                                            <\/div>\n                                                                <a class=\"btn-readmore\" href=\"https:\/\/phelpsgroup.ca\/fr\/portfolio\/secteur-reglementaire\/\">\n                                    <svg xmlns=\"http:\/\/www.w3.org\/2000\/svg\" xmlns:xlink=\"http:\/\/www.w3.org\/1999\/xlink\" width=\"32\" x=\"0\" y=\"0\" viewBox=\"0 0 1560 1560\" style=\"enable-background:new 0 0 512 512\" xml:space=\"preserve\" class=\"\">\n                                        <g transform=\"matrix(1,0,0,1,4.999999999999545,4.547473508864641e-13)\">\n                                            <path d=\"M1524 811.8H36c-17.7 0-32-14.3-32-32s14.3-32 32-32h1410.7l-194.2-194.2c-12.5-12.5-12.5-32.8 0-45.3s32.8-12.5 45.3 0l248.9 248.9c9.2 9.2 11.9 22.9 6.9 34.9-5 11.9-16.7 19.7-29.6 19.7z\" fill=\"#0a1119\" opacity=\"1\" data-original=\"#000000\"><\/path>\n                                            <path d=\"M1274.8 1061c-8.2 0-16.4-3.1-22.6-9.4-12.5-12.5-12.5-32.8 0-45.3l249.2-249.2c12.5-12.5 32.8-12.5 45.3 0s12.5 32.8 0 45.3l-249.2 249.2c-6.3 6.3-14.5 9.4-22.7 9.4z\" fill=\"#0a1119\" opacity=\"1\" data-original=\"#000000\"><\/path>\n                                        <\/g>\n                                    <\/svg>\n                                <\/a>\n                            <\/div>\n                        <\/div>\n                    <\/div>\n                <\/div>\n                                        <div class=\"pxl-grid-item col-xl-4 col-lg-4 col-md-6 col-sm-6 col-12 case-studies\">\n\n                    <div class=\"pxl-post--inner wow fadeInUp\" data-wow-duration=\"1.2s\">\n                        <div class=\"pxl-post--featured \">\n                            <a href=\"https:\/\/phelpsgroup.ca\/fr\/portfolio\/recrutement-dun-dirigeant-au-sein-dune-entreprisefamiliale-soutenue-par-un-fonds-dinvestissement\/\">\n                                <img decoding=\"async\" class=\"no-lazyload \" src=\"https:\/\/phelpsgroup.ca\/wp-content\/uploads\/2026\/02\/adam-winger-zwFOsDJIT5k-unsplash-scaled-500x500.jpg\" width=\"500\" height=\"500\" alt=\"adam-winger-zwFOsDJIT5k-unsplash\" title=\"adam-winger-zwFOsDJIT5k-unsplash\" \/>                            <\/a>\n                        <\/div>\n                        <div class=\"pxl-post--holder\">\n                            <h5 class=\"pxl-post--title\">\n                                <a href=\"https:\/\/phelpsgroup.ca\/fr\/portfolio\/recrutement-dun-dirigeant-au-sein-dune-entreprisefamiliale-soutenue-par-un-fonds-dinvestissement\/\">\n                                    Recrutement d\u2019un dirigeant au sein d\u2019une entreprise familiale soutenue par un fonds d\u2019investissement                                <\/a>\n                            <\/h5>\n                                                        <div class=\"pxl-post-content-hide\">\n                                <span class=\"divider\"><\/span>\n                                                                    <div class=\"pxl-post--content\">\n                                                                                    Nous avons mobilis\u00e9 notre vaste r\u00e9seau de dirigeants et une strat\u00e9gie de recherche sur mesure pour identifier et attirer des leaders ayant une exp\u00e9rience d\u00e9montr\u00e9e&hellip;                                                                            <\/div>\n                                                                <a class=\"btn-readmore\" href=\"https:\/\/phelpsgroup.ca\/fr\/portfolio\/recrutement-dun-dirigeant-au-sein-dune-entreprisefamiliale-soutenue-par-un-fonds-dinvestissement\/\">\n                                    <svg xmlns=\"http:\/\/www.w3.org\/2000\/svg\" xmlns:xlink=\"http:\/\/www.w3.org\/1999\/xlink\" width=\"32\" x=\"0\" y=\"0\" viewBox=\"0 0 1560 1560\" style=\"enable-background:new 0 0 512 512\" xml:space=\"preserve\" class=\"\">\n                                        <g transform=\"matrix(1,0,0,1,4.999999999999545,4.547473508864641e-13)\">\n                                            <path d=\"M1524 811.8H36c-17.7 0-32-14.3-32-32s14.3-32 32-32h1410.7l-194.2-194.2c-12.5-12.5-12.5-32.8 0-45.3s32.8-12.5 45.3 0l248.9 248.9c9.2 9.2 11.9 22.9 6.9 34.9-5 11.9-16.7 19.7-29.6 19.7z\" fill=\"#0a1119\" opacity=\"1\" data-original=\"#000000\"><\/path>\n                                            <path d=\"M1274.8 1061c-8.2 0-16.4-3.1-22.6-9.4-12.5-12.5-12.5-32.8 0-45.3l249.2-249.2c12.5-12.5 32.8-12.5 45.3 0s12.5 32.8 0 45.3l-249.2 249.2c-6.3 6.3-14.5 9.4-22.7 9.4z\" fill=\"#0a1119\" opacity=\"1\" data-original=\"#000000\"><\/path>\n                                        <\/g>\n                                    <\/svg>\n                                <\/a>\n                            <\/div>\n                        <\/div>\n                    <\/div>\n                <\/div>\n                            <\/div>\n        <\/div>\t\t\t\t<\/div>\n\t\t\t\t<\/div>\n\t\t            <\/div>\r\n        <\/div>\r\n        \t\t\t<\/div>\n\t\t<\/section>\n\t\t\t\t<\/div>\n\t\t","protected":false},"excerpt":{"rendered":"<p>Home Executive Recruitment in a Private Equity-Backed Family Business We leveraged our deep executive network and a tailored research strategy to identify and attract leaders with proven experience in both family\u2011owned and private\u2011equity\u2011backed environments.&hellip;<\/p>\n","protected":false},"author":2,"featured_media":0,"parent":0,"menu_order":0,"comment_status":"closed","ping_status":"closed","template":"","meta":{"footnotes":""},"class_list":["post-25437","page","type-page","status-publish","hentry"],"_links":{"self":[{"href":"https:\/\/phelpsgroup.ca\/fr\/wp-json\/wp\/v2\/pages\/25437","targetHints":{"allow":["GET"]}}],"collection":[{"href":"https:\/\/phelpsgroup.ca\/fr\/wp-json\/wp\/v2\/pages"}],"about":[{"href":"https:\/\/phelpsgroup.ca\/fr\/wp-json\/wp\/v2\/types\/page"}],"author":[{"embeddable":true,"href":"https:\/\/phelpsgroup.ca\/fr\/wp-json\/wp\/v2\/users\/2"}],"replies":[{"embeddable":true,"href":"https:\/\/phelpsgroup.ca\/fr\/wp-json\/wp\/v2\/comments?post=25437"}],"version-history":[{"count":3,"href":"https:\/\/phelpsgroup.ca\/fr\/wp-json\/wp\/v2\/pages\/25437\/revisions"}],"predecessor-version":[{"id":25440,"href":"https:\/\/phelpsgroup.ca\/fr\/wp-json\/wp\/v2\/pages\/25437\/revisions\/25440"}],"wp:attachment":[{"href":"https:\/\/phelpsgroup.ca\/fr\/wp-json\/wp\/v2\/media?parent=25437"}],"curies":[{"name":"wp","href":"https:\/\/api.w.org\/{rel}","templated":true}]}}